{"id":757,"date":"2024-09-25T19:00:57","date_gmt":"2024-09-25T19:00:57","guid":{"rendered":"https:\/\/lasertagkrk.com\/regeln\/"},"modified":"2024-10-10T18:33:51","modified_gmt":"2024-10-10T18:33:51","slug":"regeln","status":"publish","type":"page","link":"https:\/\/lasertagkrk.com\/de\/regeln\/","title":{"rendered":"Regeln"},"content":{"rendered":"<p>[et_pb_section fb_built=&#8220;1&#8243; fullwidth=&#8220;on&#8220; _builder_version=&#8220;4.27.0&#8243; _module_preset=&#8220;default&#8220; background_color=&#8220;#0A0000&#8243; background_enable_image=&#8220;off&#8220; parallax=&#8220;on&#8220; global_colors_info=&#8220;{}&#8220;][et_pb_fullwidth_header title=&#8220;VERHALTENSREGELN&#8220; text_orientation=&#8220;center&#8220; module_class=&#8220;neon-text&#8220; _builder_version=&#8220;4.27.0&#8243; _module_preset=&#8220;default&#8220; title_text_color=&#8220;#ffffff&#8220; background_enable_color=&#8220;off&#8220; background_image=&#8220;https:\/\/lasertagkrk.com\/wp-content\/uploads\/2024\/10\/laser-tag-hero-2.webp&#8220; parallax=&#8220;on&#8220; background_blend=&#8220;multiply&#8220; background_enable_mask_style=&#8220;on&#8220; background_mask_style=&#8220;paint&#8220; background_mask_color=&#8220;#0a0000&#8243; background_mask_transform=&#8220;invert|flip_horizontal&#8220; animation_style=&#8220;fade&#8220; title_font_size_phone=&#8220;30px&#8220; custom_css_title=&#8220;animation: neonGlow 5s infinite alternate;&#8220; title_text_shadow_style=&#8220;preset2&#8243; global_colors_info=&#8220;{}&#8220;][\/et_pb_fullwidth_header][\/et_pb_section][et_pb_section fb_built=&#8220;1&#8243; custom_padding_last_edited=&#8220;on|phone&#8220; admin_label=&#8220;About&#8220; _builder_version=&#8220;4.27.0&#8243; _module_preset=&#8220;default&#8220; background_color=&#8220;#0A0000&#8243; custom_padding=&#8220;||||false|false&#8220; custom_padding_tablet=&#8220;||||false|false&#8220; custom_padding_phone=&#8220;||0px||false|false&#8220; locked=&#8220;off&#8220; collapsed=&#8220;on&#8220; global_colors_info=&#8220;{}&#8220;][et_pb_row _builder_version=&#8220;4.27.0&#8243; _module_preset=&#8220;default&#8220; animation_style=&#8220;fade&#8220; global_colors_info=&#8220;{}&#8220;][et_pb_column type=&#8220;4_4&#8243; _builder_version=&#8220;4.27.0&#8243; _module_preset=&#8220;default&#8220; scroll_fade=&#8220;0|70|70|100|0|100|100&#8243; global_colors_info=&#8220;{}&#8220;][et_pb_heading title=&#8220;Kurzfassung&#8220; _builder_version=&#8220;4.27.0&#8243; _module_preset=&#8220;c33f07d9-41e0-421a-8799-5799df695cce&#8220; title_text_align=&#8220;center&#8220; title_text_color=&#8220;#39FF14&#8243; locked=&#8220;off&#8220; global_colors_info=&#8220;{}&#8220;][\/et_pb_heading][et_pb_text _builder_version=&#8220;4.27.0&#8243; _module_preset=&#8220;0550746d-7804-439f-9e54-7ee0bdb248b9&#8243; global_colors_info=&#8220;{%22gcid-primary-color%22:%91%22link_text_color%22,%22link_text_color%22%93,%22gcid-heading-color%22:%91%22header_text_color%22,%22header_4_text_color%22,%22header_3_text_color%22,%22header_2_text_color%22,%22header_5_text_color%22,%22header_6_text_color%22,%22header_text_color%22,%22header_4_text_color%22,%22header_3_text_color%22,%22header_2_text_color%22,%22header_5_text_color%22,%22header_6_text_color%22%93,%22gcid-secondary-color%22:%91%22quote_border_color%22,%22quote_border_color%22%93}&#8220;]<\/p>\n<p data-pm-slice=\"1 1 []\" style=\"text-align: center;\">Nutzung des Spielraums auf eigene Verantwortung<\/p>\n<p data-pm-slice=\"1 1 []\" style=\"text-align: center;\">Maximale Personenzahl ist 12<\/p>\n<p data-pm-slice=\"1 1 []\" style=\"text-align: center;\">Zerst\u00f6rung der Ausr\u00fcstung ist verboten<\/p>\n<p data-pm-slice=\"1 1 []\" style=\"text-align: center;\">Schubsen ist verboten<\/p>\n<p data-pm-slice=\"1 1 []\" style=\"text-align: center;\">Mindestalter: 7+<\/p>\n<p data-pm-slice=\"1 1 []\" style=\"text-align: center;\">\n<p data-pm-slice=\"1 1 []\" style=\"text-align: center;\">Eltern! Kinder! Zu Ihrer Sicherheit!  <\/p>\n<p>[\/et_pb_text][et_pb_heading title=&#8220;Streng verboten:&#8220; _builder_version=&#8220;4.27.0&#8243; _module_preset=&#8220;c33f07d9-41e0-421a-8799-5799df695cce&#8220; title_level=&#8220;h3&#8243; title_text_align=&#8220;center&#8220; title_text_color=&#8220;#39FF14&#8243; title_font_size=&#8220;32px&#8220; locked=&#8220;off&#8220; global_colors_info=&#8220;{}&#8220;][\/et_pb_heading][et_pb_text _builder_version=&#8220;4.27.0&#8243; _module_preset=&#8220;0550746d-7804-439f-9e54-7ee0bdb248b9&#8243; global_colors_info=&#8220;{%22gcid-primary-color%22:%91%22link_text_color%22,%22link_text_color%22%93,%22gcid-heading-color%22:%91%22header_text_color%22,%22header_4_text_color%22,%22header_3_text_color%22,%22header_2_text_color%22,%22header_5_text_color%22,%22header_6_text_color%22,%22header_text_color%22,%22header_4_text_color%22,%22header_3_text_color%22,%22header_2_text_color%22,%22header_5_text_color%22,%22header_6_text_color%22%93,%22gcid-secondary-color%22:%91%22quote_border_color%22,%22quote_border_color%22%93}&#8220;]<\/p>\n<p style=\"text-align: center;\">Rennen, Klettern, Springen \u00fcber Objekte, Hindernisse und W\u00e4nde im Spielraum. Aggression, Ann\u00e4herung, Schubsen und enger k\u00f6rperlicher Kontakt zu allen anderen Spielern im Spielraum, d. h. <\/p>\n<p style=\"text-align: center;\">zu Spielern aus dem gegnerischen Team sowie zu Spielern aus dem eigenen Team.<br \/><strong><\/strong><\/p>\n<p>[\/et_pb_text][et_pb_text _builder_version=&#8220;4.27.0&#8243; _module_preset=&#8220;0550746d-7804-439f-9e54-7ee0bdb248b9&#8243; text_text_color=&#8220;#FF0099&#8243; global_colors_info=&#8220;{%22gcid-primary-color%22:%91%22link_text_color%22,%22link_text_color%22%93,%22gcid-heading-color%22:%91%22header_text_color%22,%22header_4_text_color%22,%22header_3_text_color%22,%22header_2_text_color%22,%22header_5_text_color%22,%22header_6_text_color%22,%22header_text_color%22,%22header_4_text_color%22,%22header_3_text_color%22,%22header_2_text_color%22,%22header_5_text_color%22,%22header_6_text_color%22%93,%22gcid-secondary-color%22:%91%22quote_border_color%22,%22quote_border_color%22%93}&#8220;]<\/p>\n<p style=\"text-align: center;\"><strong>Der Mindestabstand zwischen den Spielern muss 3 bis 4 Meter betragen.<\/strong><\/p>\n<p>[\/et_pb_text][et_pb_text _builder_version=&#8220;4.27.0&#8243; _module_preset=&#8220;0550746d-7804-439f-9e54-7ee0bdb248b9&#8243; global_colors_info=&#8220;{%22gcid-primary-color%22:%91%22link_text_color%22,%22link_text_color%22%93,%22gcid-heading-color%22:%91%22header_text_color%22,%22header_4_text_color%22,%22header_3_text_color%22,%22header_2_text_color%22,%22header_5_text_color%22,%22header_6_text_color%22,%22header_text_color%22,%22header_4_text_color%22,%22header_3_text_color%22,%22header_2_text_color%22,%22header_5_text_color%22,%22header_6_text_color%22%93,%22gcid-secondary-color%22:%91%22quote_border_color%22,%22quote_border_color%22%93}&#8220;]<\/p>\n<p style=\"text-align: center;\">Spielen im Sitzen, Liegen oder Knien.<\/p>\n<p>[\/et_pb_text][et_pb_heading title=&#8220;Nicht erlaubt:&#8220; _builder_version=&#8220;4.27.0&#8243; _module_preset=&#8220;c33f07d9-41e0-421a-8799-5799df695cce&#8220; title_level=&#8220;h3&#8243; title_text_align=&#8220;center&#8220; title_text_color=&#8220;#39FF14&#8243; title_font_size=&#8220;32px&#8220; locked=&#8220;off&#8220; global_colors_info=&#8220;{}&#8220;][\/et_pb_heading][et_pb_text _builder_version=&#8220;4.27.0&#8243; _module_preset=&#8220;0550746d-7804-439f-9e54-7ee0bdb248b9&#8243; global_colors_info=&#8220;{%22gcid-primary-color%22:%91%22link_text_color%22,%22link_text_color%22%93,%22gcid-heading-color%22:%91%22header_text_color%22,%22header_4_text_color%22,%22header_3_text_color%22,%22header_2_text_color%22,%22header_5_text_color%22,%22header_6_text_color%22,%22header_text_color%22,%22header_4_text_color%22,%22header_3_text_color%22,%22header_2_text_color%22,%22header_5_text_color%22,%22header_6_text_color%22%93,%22gcid-secondary-color%22:%91%22quote_border_color%22,%22quote_border_color%22%93}&#8220;]<\/p>\n<p style=\"text-align: center;\">Abdecken der Ziele auf der Ausr\u00fcstung (leuchtende Ziele auf der Jacke, Batterien und der Waffe) sowie das Ann\u00e4hern an Spieler des gegnerischen Teams, um den vorderen Teil der Waffe zu verdecken, aus dem der Laserstrahl kommt.<\/p>\n<p style=\"text-align: center;\">An- und Ausziehen der Ausr\u00fcstung ohne die Hilfe des Spielleiters. <\/p>\n<p style=\"text-align: center;\">Aggressives Verhalten gegen\u00fcber der Ausr\u00fcstung und dem Inventar, d. h. die Zerst\u00f6rung der Ausr\u00fcstung und des Inventars. <\/p>\n<p style=\"text-align: center;\">Fluchen, also die Verwendung von Schimpfw\u00f6rtern oder beleidigender Sprache sowie die Verwendung beleidigender Gesten. <\/p>\n<p>[\/et_pb_text][et_pb_heading title=&#8220;Wir empfehlen:&#8220; _builder_version=&#8220;4.27.0&#8243; _module_preset=&#8220;c33f07d9-41e0-421a-8799-5799df695cce&#8220; title_level=&#8220;h3&#8243; title_text_align=&#8220;center&#8220; title_text_color=&#8220;#39FF14&#8243; title_font_size=&#8220;32px&#8220; locked=&#8220;off&#8220; global_colors_info=&#8220;{}&#8220;][\/et_pb_heading][et_pb_text _builder_version=&#8220;4.27.0&#8243; _module_preset=&#8220;0550746d-7804-439f-9e54-7ee0bdb248b9&#8243; hover_enabled=&#8220;0&#8243; global_colors_info=&#8220;{%22gcid-primary-color%22:%91%22link_text_color%22,%22link_text_color%22%93,%22gcid-heading-color%22:%91%22header_text_color%22,%22header_4_text_color%22,%22header_3_text_color%22,%22header_2_text_color%22,%22header_5_text_color%22,%22header_6_text_color%22,%22header_text_color%22,%22header_4_text_color%22,%22header_3_text_color%22,%22header_2_text_color%22,%22header_5_text_color%22,%22header_6_text_color%22%93,%22gcid-secondary-color%22:%91%22quote_border_color%22,%22quote_border_color%22%93}&#8220; sticky_enabled=&#8220;0&#8243;]<\/p>\n<p style=\"text-align: center;\">Das Tragen von geeignetem Schuhwerk \u2013 Turnschuhe \u2013 ist obligatorisch. Wir empfehlen schn\u00fcrsenkellose Turnschuhe, d. h. Klettverschlussschuhe. <\/p>\n<p>[\/et_pb_text][et_pb_text _builder_version=&#8220;4.27.0&#8243; _module_preset=&#8220;0550746d-7804-439f-9e54-7ee0bdb248b9&#8243; text_text_color=&#8220;#FF0099&#8243; global_colors_info=&#8220;{%22gcid-primary-color%22:%91%22link_text_color%22,%22link_text_color%22%93,%22gcid-heading-color%22:%91%22header_text_color%22,%22header_4_text_color%22,%22header_3_text_color%22,%22header_2_text_color%22,%22header_5_text_color%22,%22header_6_text_color%22,%22header_text_color%22,%22header_4_text_color%22,%22header_3_text_color%22,%22header_2_text_color%22,%22header_5_text_color%22,%22header_6_text_color%22%93,%22gcid-secondary-color%22:%91%22quote_border_color%22,%22quote_border_color%22%93}&#8220;]<\/p>\n<p style=\"text-align: center;\"><strong>Danke!<\/strong><\/p>\n<p>[\/et_pb_text][\/et_pb_column][\/et_pb_row][et_pb_row _builder_version=&#8220;4.27.0&#8243; _module_preset=&#8220;default&#8220; global_colors_info=&#8220;{}&#8220;][et_pb_column type=&#8220;4_4&#8243; _builder_version=&#8220;4.27.0&#8243; _module_preset=&#8220;default&#8220; scroll_fade_enable=&#8220;on&#8220; scroll_fade=&#8220;0|40|40|100|0|100|100&#8243; global_colors_info=&#8220;{}&#8220;][et_pb_heading title=&#8220;Wichtige Gesundheitshinweise!&#8220; _builder_version=&#8220;4.27.0&#8243; _module_preset=&#8220;c33f07d9-41e0-421a-8799-5799df695cce&#8220; title_text_align=&#8220;center&#8220; title_text_color=&#8220;#39FF14&#8243; locked=&#8220;off&#8220; global_colors_info=&#8220;{}&#8220;][\/et_pb_heading][et_pb_text _builder_version=&#8220;4.27.0&#8243; _module_preset=&#8220;0550746d-7804-439f-9e54-7ee0bdb248b9&#8243; global_colors_info=&#8220;{%22gcid-primary-color%22:%91%22link_text_color%22,%22link_text_color%22%93,%22gcid-heading-color%22:%91%22header_text_color%22,%22header_4_text_color%22,%22header_3_text_color%22,%22header_2_text_color%22,%22header_5_text_color%22,%22header_6_text_color%22,%22header_text_color%22,%22header_4_text_color%22,%22header_3_text_color%22,%22header_2_text_color%22,%22header_5_text_color%22,%22header_6_text_color%22%93,%22gcid-secondary-color%22:%91%22quote_border_color%22,%22quote_border_color%22%93}&#8220;]<\/p>\n<p data-pm-slice=\"1 1 []\" style=\"text-align: center;\"><span style=\"color: #ffff00;\"><strong>Stroboskoplichter<\/strong><\/span> &#8211; K\u00f6nnen Reaktionen bei Personen mit Epilepsie ausl\u00f6sen.<\/p>\n<p data-pm-slice=\"1 1 []\" style=\"text-align: center;\"><span style=\"color: #ffff00;\"><strong>Nebel<\/strong><\/span> &#8211; Kann bei Menschen mit Asthma Reaktionen ausl\u00f6sen.<\/p>\n<p style=\"text-align: center;\"><span style=\"color: #ffff00;\"><strong>Laufen ist verboten<\/strong><\/span> &#8211; Laser Tag kann eine gute, aber ziemlich anstrengende \u00dcbung sein und Reaktionen bei Personen mit Herzkrankheiten ausl\u00f6sen. <\/p>\n<p>[\/et_pb_text][et_pb_text _builder_version=&#8220;4.27.0&#8243; _module_preset=&#8220;0550746d-7804-439f-9e54-7ee0bdb248b9&#8243; text_text_color=&#8220;#FF6700&#8243; global_colors_info=&#8220;{%22gcid-primary-color%22:%91%22link_text_color%22,%22link_text_color%22%93,%22gcid-heading-color%22:%91%22header_text_color%22,%22header_4_text_color%22,%22header_3_text_color%22,%22header_2_text_color%22,%22header_5_text_color%22,%22header_6_text_color%22,%22header_text_color%22,%22header_4_text_color%22,%22header_3_text_color%22,%22header_2_text_color%22,%22header_5_text_color%22,%22header_6_text_color%22%93,%22gcid-secondary-color%22:%91%22quote_border_color%22,%22quote_border_color%22%93}&#8220;]<\/p>\n<p style=\"text-align: center;\"><strong>Wir bitten die Eltern, die Organisatoren der Geburtstagsfeier bei Laser Tag Krk, dieses Dokument nach Erhalt, jedoch unbedingt vor dem reservierten Termin, ihren Kindern zu \u00fcbermitteln und die oben genannten Verhaltensregeln und Warnungen zu erkl\u00e4ren. Nach endg\u00fcltiger Best\u00e4tigung der Reservierung und Erhalt der Einladung zur Geburtstagsfeier sowie des dazugeh\u00f6rigen Dokuments mit Hinweisen, sollten die Eltern dieses Dokument auch an andere Eltern weiterleiten oder zumindest m\u00fcndlich \u00fcbermitteln, deren Kinder an der Feier teilnehmen, damit auch sie die Regeln und Warnungen ihren Kindern weitergeben und erkl\u00e4ren.<\/strong><\/p>\n<p>[\/et_pb_text][et_pb_text _builder_version=&#8220;4.27.0&#8243; _module_preset=&#8220;0550746d-7804-439f-9e54-7ee0bdb248b9&#8243; text_text_color=&#8220;#FF0099&#8243; global_colors_info=&#8220;{%22gcid-primary-color%22:%91%22link_text_color%22,%22link_text_color%22%93,%22gcid-heading-color%22:%91%22header_text_color%22,%22header_4_text_color%22,%22header_3_text_color%22,%22header_2_text_color%22,%22header_5_text_color%22,%22header_6_text_color%22,%22header_text_color%22,%22header_4_text_color%22,%22header_3_text_color%22,%22header_2_text_color%22,%22header_5_text_color%22,%22header_6_text_color%22%93,%22gcid-secondary-color%22:%91%22quote_border_color%22,%22quote_border_color%22%93}&#8220;]<\/p>\n<p style=\"text-align: center;\"><strong>Danke!<\/strong><\/p>\n<p>[\/et_pb_text][\/et_pb_column][\/et_pb_row][\/et_pb_section][et_pb_section fb_built=&#8220;1&#8243; admin_label=&#8220;Call to Action&#8220; _builder_version=&#8220;4.27.0&#8243; _module_preset=&#8220;default&#8220; use_background_color_gradient=&#8220;on&#8220; background_color_gradient_stops=&#8220;rgba(0,0,0,0.5) 0%|rgba(0,0,0,0.75) 100%&#8220; background_color_gradient_overlays_image=&#8220;on&#8220; background_color_gradient_start=&#8220;rgba(0,0,0,0.5)&#8220; background_color_gradient_end=&#8220;rgba(0,0,0,0.75)&#8220; background_image=&#8220;https:\/\/lasertagkrk.com\/wp-content\/uploads\/2024\/09\/Lasertag-krk-29.jpg&#8220; parallax=&#8220;on&#8220; custom_padding=&#8220;8vw||8vw||true|false&#8220; locked=&#8220;off&#8220; collapsed=&#8220;on&#8220; global_colors_info=&#8220;{}&#8220;][et_pb_row _builder_version=&#8220;4.23.1&#8243; _module_preset=&#8220;5138c454-be54-4233-bd3b-f8e6a8747976&#8243; max_width=&#8220;800px&#8220; global_colors_info=&#8220;{}&#8220;][et_pb_column type=&#8220;4_4&#8243; _builder_version=&#8220;4.16&#8243; _module_preset=&#8220;73121f80-a3ef-4484-8763-c3f18e3c56d2&#8243; global_colors_info=&#8220;{}&#8220;][et_pb_heading title=&#8220;Buchen Sie heute Ihr Lasertag-Abenteuer!&#8220; _builder_version=&#8220;4.27.0&#8243; _module_preset=&#8220;296bba0d-7229-42aa-a663-0c0ec3b5f6b7&#8243; title_level=&#8220;h2&#8243; title_font=&#8220;&#8211;et_global_heading_font||||||||&#8220; title_text_align=&#8220;center&#8220; title_text_color=&#8220;#ffffff&#8220; title_font_size=&#8220;55px&#8220; title_font_size_tablet=&#8220;55px&#8220; title_font_size_phone=&#8220;40px&#8220; title_font_size_last_edited=&#8220;on|phone&#8220; custom_css_free_form=&#8220;selector {||  animation: neonGlow 5s infinite alternate;||}&#8220; locked=&#8220;off&#8220; global_colors_info=&#8220;{}&#8220;][\/et_pb_heading][et_pb_text _builder_version=&#8220;4.27.0&#8243; _module_preset=&#8220;0504de1e-f5ff-4281-ba60-cbbe4edf98bc&#8220; text_orientation=&#8220;center&#8220; global_colors_info=&#8220;{}&#8220;]<\/p>\n<p>Verpassen Sie nicht die Gelegenheit f\u00fcr unvergesslichen Spa\u00df! Schlie\u00dfen Sie sich uns bei Laser Tag Krk an und erleben Sie actiongeladene Spannung, die Sie atemlos machen wird. Unsere Arena ist bereit f\u00fcr Sie!  <\/p>\n<p>[\/et_pb_text][et_pb_button button_url=&#8220;https:\/\/lasertagkrk.com\/#kontakt&#8220; button_text=&#8220;Online-Reservierung&#8220; button_alignment=&#8220;center&#8220; _builder_version=&#8220;4.27.0&#8243; _module_preset=&#8220;1bffc0fc-42a0-49d1-bd9a-ae3ade2d7206&#8243; button_bg_color=&#8220;RGBA(255,255,255,0)&#8220; button_border_radius=&#8220;0px&#8220; locked=&#8220;off&#8220; global_colors_info=&#8220;{}&#8220;][\/et_pb_button][\/et_pb_column][\/et_pb_row][\/et_pb_section]<\/p>\n","protected":false},"excerpt":{"rendered":"<p>Nutzung des Spielraums auf eigene Verantwortung Maximale Personenzahl ist 12 Zerst\u00f6rung der Ausr\u00fcstung ist verboten Schubsen ist verboten Mindestalter: 7+ Eltern! Kinder! Zu Ihrer Sicherheit! Rennen, Klettern, Springen \u00fcber Objekte, Hindernisse und W\u00e4nde im Spielraum. Aggression, Ann\u00e4herung, Schubsen und enger k\u00f6rperlicher Kontakt zu allen anderen Spielern im Spielraum, d. h. zu Spielern aus dem gegnerischen Team sowie zu Spielern aus dem eigenen Team.Der Mindestabstand zwischen den Spielern muss 3 bis 4 Meter betragen.Spielen im Sitzen, Liegen oder Knien.Abdecken der Ziele auf der Ausr\u00fcstung (leuchtende Ziele auf der Jacke, Batterien und der Waffe) sowie das Ann\u00e4hern an Spieler des gegnerischen Teams, um den vorderen Teil der Waffe zu verdecken, aus dem der Laserstrahl kommt. An- und Ausziehen der Ausr\u00fcstung ohne die Hilfe des Spielleiters. Aggressives Verhalten gegen\u00fcber der Ausr\u00fcstung und dem Inventar, d. h. die Zerst\u00f6rung der Ausr\u00fcstung und des Inventars. Fluchen, also die Verwendung von Schimpfw\u00f6rtern oder beleidigender Sprache sowie die Verwendung beleidigender Gesten. Das Tragen von geeignetem Schuhwerk \u2013 Turnschuhe \u2013 ist obligatorisch. Wir empfehlen schn\u00fcrsenkellose Turnschuhe, d. h. Klettverschlussschuhe. Danke!Stroboskoplichter &#8211; K\u00f6nnen Reaktionen bei Personen mit Epilepsie ausl\u00f6sen. Nebel &#8211; Kann bei Menschen mit Asthma Reaktionen ausl\u00f6sen. Laufen ist verboten &#8211; Laser Tag kann eine gute, aber ziemlich [&hellip;]<\/p>\n","protected":false},"author":1,"featured_media":0,"parent":0,"menu_order":0,"comment_status":"closed","ping_status":"closed","template":"","meta":{"_et_pb_use_builder":"on","_et_pb_old_content":"","_et_gb_content_width":"","footnotes":""},"class_list":["post-757","page","type-page","status-publish","hentry"],"_links":{"self":[{"href":"https:\/\/lasertagkrk.com\/de\/wp-json\/wp\/v2\/pages\/757","targetHints":{"allow":["GET"]}}],"collection":[{"href":"https:\/\/lasertagkrk.com\/de\/wp-json\/wp\/v2\/pages"}],"about":[{"href":"https:\/\/lasertagkrk.com\/de\/wp-json\/wp\/v2\/types\/page"}],"author":[{"embeddable":true,"href":"https:\/\/lasertagkrk.com\/de\/wp-json\/wp\/v2\/users\/1"}],"replies":[{"embeddable":true,"href":"https:\/\/lasertagkrk.com\/de\/wp-json\/wp\/v2\/comments?post=757"}],"version-history":[{"count":2,"href":"https:\/\/lasertagkrk.com\/de\/wp-json\/wp\/v2\/pages\/757\/revisions"}],"predecessor-version":[{"id":759,"href":"https:\/\/lasertagkrk.com\/de\/wp-json\/wp\/v2\/pages\/757\/revisions\/759"}],"wp:attachment":[{"href":"https:\/\/lasertagkrk.com\/de\/wp-json\/wp\/v2\/media?parent=757"}],"curies":[{"name":"wp","href":"https:\/\/api.w.org\/{rel}","templated":true}]}}